{"id":413,"date":"2023-05-10T20:09:01","date_gmt":"2023-05-10T20:09:01","guid":{"rendered":"https:\/\/delatorrelaw.com\/?page_id=413"},"modified":"2025-07-10T14:11:14","modified_gmt":"2025-07-10T14:11:14","slug":"noticias","status":"publish","type":"page","link":"https:\/\/delatorrelaw.com\/es\/noticias\/","title":{"rendered":"Noticias"},"content":{"rendered":"<section class=\"l-section wpb_row height_medium with_img with_overlay\"><div class=\"l-section-img\" style=\"background-image: url(https:\/\/delatorrelaw.com\/wp-content\/uploads\/2021\/11\/Criminal-Law-bg.jpg);\" data-img-width=\"1920\" data-img-height=\"922\"><\/div><div class=\"l-section-overlay\" style=\"background: rgba(26,26,26,0.70)\"><\/div><div class=\"l-section-h i-cf\"><div class=\"g-cols vc_row type_default valign_top\"><div class=\"vc_col-sm-12 wpb_column vc_column_container has_text_color\"><div class=\"vc_column-inner us_custom_6df4bc3a\"><div class=\"wpb_wrapper\"><h2 class=\"w-post-elm post_title align_center entry-title color_link_inherit\">Noticias<\/h2><\/div><\/div><\/div><\/div><\/div><\/section><section class=\"l-section wpb_row height_medium\"><div class=\"l-section-h i-cf\"><div class=\"g-cols vc_row type_default valign_top\"><div class=\"vc_col-sm-12 wpb_column vc_column_container\"><div class=\"vc_column-inner\"><div class=\"wpb_wrapper\"><div class=\"g-cols wpb_row  type_default valign_top vc_inner\"><div class=\"vc_col-sm-3 wpb_column vc_column_container\"><div class=\"vc_column-inner\"><div class=\"wpb_wrapper\"><\/div><\/div><\/div><div class=\"vc_col-sm-6 wpb_column vc_column_container\"><div class=\"vc_column-inner\"><div class=\"wpb_wrapper\"><div class=\"wpb_text_column\" ><div class=\"wpb_wrapper\"><iframe loading=\"lazy\"  id=\"_ytid_37378\"  width=\"1140\" height=\"641\"  data-origwidth=\"1140\" data-origheight=\"641\" src=\"https:\/\/www.youtube.com\/embed\/8LB00NMvFj8?enablejsapi=1&autoplay=0&cc_load_policy=0&cc_lang_pref=&iv_load_policy=1&loop=0&modestbranding=0&rel=1&fs=1&playsinline=0&autohide=2&theme=dark&color=red&controls=1&\" class=\"__youtube_prefs__  __youtube_prefs_widget__  no-lazyload\" title=\"YouTube player\"  allow=\"accelerometer; autoplay; clipboard-write; encrypted-media; gyroscope; picture-in-picture\" allowfullscreen data-no-lazy=\"1\" data-skipgform_ajax_framebjll=\"\"><\/iframe>\n<\/div><\/div><\/div><\/div><\/div><div class=\"vc_col-sm-3 wpb_column vc_column_container\"><div class=\"vc_column-inner\"><div class=\"wpb_wrapper\"><\/div><\/div><\/div><\/div><div class=\"ult-spacer spacer-69f2913477928\" data-id=\"69f2913477928\" data-height=\"30\" data-height-mobile=\"30\" data-height-tab=\"30\" data-height-tab-portrait=\"\" data-height-mobile-landscape=\"\" style=\"clear:both;display:block;\"><\/div><div class=\"w-grid type_grid layout_blog_9 cols_4 overflow_hidden\" id=\"us_grid_1\" data-filterable=\"true\"><style id=\"us_grid_1_css\">#us_grid_1 .w-grid-item{padding:1rem}#us_grid_1 .w-grid-list{margin:-1rem}.w-grid + #us_grid_1 .w-grid-list{margin-top:1rem}@media (max-width:1199px){#us_grid_1 .w-grid-item{width:33.3333%}}@media (max-width:899px){#us_grid_1 .w-grid-item{width:50.0000%}}@media (max-width:599px){#us_grid_1 .w-grid-list{margin:0}#us_grid_1 .w-grid-item{width:100.0000%;padding:0;margin-bottom:1rem}}<\/style><style>.layout_blog_9 .w-grid-item-h{background:#fff;color:#1a1a1a;border-radius:0.3rem;z-index:3;box-shadow:0 0.03rem 0.06rem rgba(0,0,0,0.1),0 0.10rem 0.30rem rgba(0,0,0,0.1);transition-duration:0.3s}.no-touch .layout_blog_9 .w-grid-item-h:hover{box-shadow:0 0.12rem 0.24rem rgba(0,0,0,0.1),0 0.40rem 1.20rem rgba(0,0,0,0.15);z-index:4}.layout_blog_9 .usg_vwrapper_1{padding:0.8rem 1.5rem 1.5rem 1.5rem!important}.layout_blog_9 .usg_hwrapper_1{margin-bottom:0.3rem!important}.layout_blog_9 .usg_post_taxonomy_1{font-size:14px!important;font-weight:700!important;text-transform:uppercase!important;margin-right:0.6rem!important}.layout_blog_9 .usg_post_date_1{color:#999!important;font-size:14px!important;margin-bottom:0.3rem!important}.layout_blog_9 .usg_post_title_1{color:inherit!important;font-weight:700!important;font-size:1.4rem!important}@media (max-width:599px){.layout_blog_9 .usg_post_title_1{font-size:1.2rem!important}}<\/style><div class=\"w-grid-list\" >\t<article class=\"w-grid-item size_1x1 post-790 post type-post status-publish format-standard has-post-thumbnail hentry\" data-id=\"790\">\r\n\t\t<div class=\"w-grid-item-h\">\r\n\t\t\t\t\t\t<div class=\"w-post-elm post_image usg_post_image_1 stretched\"><a href=\"https:\/\/delatorrelaw.com\/es\/immigration-news-trump-wins-election-2\/\" aria-label=\"La Corte Suprema bloquea ley de Florida dirigida a inmigrantes indocumentados\"><img loading=\"lazy\" decoding=\"async\" width=\"1500\" height=\"1002\" src=\"https:\/\/delatorrelaw.com\/wp-content\/uploads\/2025\/07\/desparacitacion-1.jpg\" class=\"attachment-us_600_600_crop size-us_600_600_crop wp-post-image\" alt=\"\" srcset=\"https:\/\/delatorrelaw.com\/wp-content\/uploads\/2025\/07\/desparacitacion-1.jpg 1500w, https:\/\/delatorrelaw.com\/wp-content\/uploads\/2025\/07\/desparacitacion-1-300x200.jpg 300w, https:\/\/delatorrelaw.com\/wp-content\/uploads\/2025\/07\/desparacitacion-1-1024x684.jpg 1024w\" sizes=\"auto, (max-width: 1500px) 100vw, 1500px\" \/><\/a><\/div><div class=\"w-vwrapper usg_vwrapper_1 align_left valign_top\"><div class=\"w-hwrapper usg_hwrapper_1 align_left valign_top\"><time class=\"w-post-elm post_date usg_post_date_1 entry-date published\" datetime=\"2025-07-10T14:03:32+00:00\" title=\"10 julio 2025 a las 14:03:32 +00:00\">10 Jul 2025<\/time><\/div><h2 class=\"w-post-elm post_title usg_post_title_1 entry-title color_link_inherit has_text_color\"><a href=\"https:\/\/delatorrelaw.com\/es\/immigration-news-trump-wins-election-2\/\">La Corte Suprema bloquea ley de Florida dirigida a inmigrantes indocumentados<\/a><\/h2><\/div>\t\t<\/div>\r\n\t<\/article>\r\n\t<article class=\"w-grid-item size_1x1 post-712 post type-post status-publish format-standard has-post-thumbnail hentry\" data-id=\"712\">\r\n\t\t<div class=\"w-grid-item-h\">\r\n\t\t\t\t\t\t<div class=\"w-post-elm post_image usg_post_image_1 stretched\"><a href=\"https:\/\/delatorrelaw.com\/es\/noticias-sobre-inmigracion-trump-gana-las-elecciones\/\" aria-label=\"El presidente Trump firma \u00f3rdenes que cambian dr\u00e1sticamente las reglas de inmigraci\u00f3n\"><img loading=\"lazy\" decoding=\"async\" width=\"1500\" height=\"1000\" src=\"https:\/\/delatorrelaw.com\/wp-content\/uploads\/2024\/08\/53468.jpg\" class=\"attachment-us_600_600_crop size-us_600_600_crop wp-post-image\" alt=\"\" srcset=\"https:\/\/delatorrelaw.com\/wp-content\/uploads\/2024\/08\/53468.jpg 1500w, https:\/\/delatorrelaw.com\/wp-content\/uploads\/2024\/08\/53468-300x200.jpg 300w, https:\/\/delatorrelaw.com\/wp-content\/uploads\/2024\/08\/53468-1024x683.jpg 1024w\" sizes=\"auto, (max-width: 1500px) 100vw, 1500px\" \/><\/a><\/div><div class=\"w-vwrapper usg_vwrapper_1 align_left valign_top\"><div class=\"w-hwrapper usg_hwrapper_1 align_left valign_top\"><time class=\"w-post-elm post_date usg_post_date_1 entry-date published\" datetime=\"2024-08-22T19:50:04+00:00\" title=\"22 agosto 2024 a las 19:50:04 +00:00\">22 Ago 2024<\/time><\/div><h2 class=\"w-post-elm post_title usg_post_title_1 entry-title color_link_inherit has_text_color\"><a href=\"https:\/\/delatorrelaw.com\/es\/noticias-sobre-inmigracion-trump-gana-las-elecciones\/\">El presidente Trump firma \u00f3rdenes que cambian dr\u00e1sticamente las reglas de inmigraci\u00f3n<\/a><\/h2><\/div>\t\t<\/div>\r\n\t<\/article>\r\n\t<article class=\"w-grid-item size_1x1 post-717 post type-post status-publish format-standard has-post-thumbnail hentry\" data-id=\"717\">\r\n\t\t<div class=\"w-grid-item-h\">\r\n\t\t\t\t\t\t<div class=\"w-post-elm post_image usg_post_image_1 stretched\"><a href=\"https:\/\/delatorrelaw.com\/es\/casos-penales-desestimados-y-acuerdo-con-ocso\/\" aria-label=\"Casos penales desestimados y acuerdo con OCSO\"><img loading=\"lazy\" decoding=\"async\" width=\"1500\" height=\"1000\" src=\"https:\/\/delatorrelaw.com\/wp-content\/uploads\/2024\/08\/strong-1-1.jpg\" class=\"attachment-us_600_600_crop size-us_600_600_crop wp-post-image\" alt=\"\" srcset=\"https:\/\/delatorrelaw.com\/wp-content\/uploads\/2024\/08\/strong-1-1.jpg 1500w, https:\/\/delatorrelaw.com\/wp-content\/uploads\/2024\/08\/strong-1-1-300x200.jpg 300w, https:\/\/delatorrelaw.com\/wp-content\/uploads\/2024\/08\/strong-1-1-1024x683.jpg 1024w\" sizes=\"auto, (max-width: 1500px) 100vw, 1500px\" \/><\/a><\/div><div class=\"w-vwrapper usg_vwrapper_1 align_left valign_top\"><div class=\"w-hwrapper usg_hwrapper_1 align_left valign_top\"><time class=\"w-post-elm post_date usg_post_date_1 entry-date published\" datetime=\"2024-08-22T19:48:34+00:00\" title=\"22 agosto 2024 a las 19:48:34 +00:00\">22 Ago 2024<\/time><\/div><h2 class=\"w-post-elm post_title usg_post_title_1 entry-title color_link_inherit has_text_color\"><a href=\"https:\/\/delatorrelaw.com\/es\/casos-penales-desestimados-y-acuerdo-con-ocso\/\">Casos penales desestimados y acuerdo con OCSO<\/a><\/h2><\/div>\t\t<\/div>\r\n\t<\/article>\r\n\t<article class=\"w-grid-item size_1x1 post-486 post type-post status-publish format-standard has-post-thumbnail hentry\" data-id=\"486\">\r\n\t\t<div class=\"w-grid-item-h\">\r\n\t\t\t\t\t\t<div class=\"w-post-elm post_image usg_post_image_1 stretched\"><a href=\"https:\/\/delatorrelaw.com\/es\/nuevas-leyes-en-florida\/\" aria-label=\"Nuevas leyes en Florida\"><img loading=\"lazy\" decoding=\"async\" width=\"1500\" height=\"1000\" src=\"https:\/\/delatorrelaw.com\/wp-content\/uploads\/2023\/08\/empresario-leyendo-contrato-closeup.jpg\" class=\"attachment-us_600_600_crop size-us_600_600_crop wp-post-image\" alt=\"\" srcset=\"https:\/\/delatorrelaw.com\/wp-content\/uploads\/2023\/08\/empresario-leyendo-contrato-closeup.jpg 1500w, https:\/\/delatorrelaw.com\/wp-content\/uploads\/2023\/08\/empresario-leyendo-contrato-closeup-300x200.jpg 300w, https:\/\/delatorrelaw.com\/wp-content\/uploads\/2023\/08\/empresario-leyendo-contrato-closeup-1024x683.jpg 1024w\" sizes=\"auto, (max-width: 1500px) 100vw, 1500px\" \/><\/a><\/div><div class=\"w-vwrapper usg_vwrapper_1 align_left valign_top\"><div class=\"w-hwrapper usg_hwrapper_1 align_left valign_top\"><time class=\"w-post-elm post_date usg_post_date_1 entry-date published\" datetime=\"2023-08-30T21:35:42+00:00\" title=\"30 agosto 2023 a las 21:35:42 +00:00\">30 Ago 2023<\/time><\/div><h2 class=\"w-post-elm post_title usg_post_title_1 entry-title color_link_inherit has_text_color\"><a href=\"https:\/\/delatorrelaw.com\/es\/nuevas-leyes-en-florida\/\">Nuevas leyes en Florida<\/a><\/h2><\/div>\t\t<\/div>\r\n\t<\/article>\r\n\t<article class=\"w-grid-item size_1x1 post-478 post type-post status-publish format-standard has-post-thumbnail hentry\" data-id=\"478\">\r\n\t\t<div class=\"w-grid-item-h\">\r\n\t\t\t\t\t\t<div class=\"w-post-elm post_image usg_post_image_1 stretched\"><a href=\"https:\/\/delatorrelaw.com\/es\/e2-visas-and-colombia\/\" aria-label=\"Visas E2 y Colombia\"><img loading=\"lazy\" decoding=\"async\" width=\"1500\" height=\"1000\" src=\"https:\/\/delatorrelaw.com\/wp-content\/uploads\/2023\/08\/composicion-solicitud-visa-bandera-europa-america.jpg\" class=\"attachment-us_600_600_crop size-us_600_600_crop wp-post-image\" alt=\"\" srcset=\"https:\/\/delatorrelaw.com\/wp-content\/uploads\/2023\/08\/composicion-solicitud-visa-bandera-europa-america.jpg 1500w, https:\/\/delatorrelaw.com\/wp-content\/uploads\/2023\/08\/composicion-solicitud-visa-bandera-europa-america-300x200.jpg 300w, https:\/\/delatorrelaw.com\/wp-content\/uploads\/2023\/08\/composicion-solicitud-visa-bandera-europa-america-1024x683.jpg 1024w\" sizes=\"auto, (max-width: 1500px) 100vw, 1500px\" \/><\/a><\/div><div class=\"w-vwrapper usg_vwrapper_1 align_left valign_top\"><div class=\"w-hwrapper usg_hwrapper_1 align_left valign_top\"><time class=\"w-post-elm post_date usg_post_date_1 entry-date published\" datetime=\"2023-08-30T21:32:19+00:00\" title=\"30 agosto 2023 a las 21:32:19 +00:00\">30 Ago 2023<\/time><\/div><h2 class=\"w-post-elm post_title usg_post_title_1 entry-title color_link_inherit has_text_color\"><a href=\"https:\/\/delatorrelaw.com\/es\/e2-visas-and-colombia\/\">Visas E2 y Colombia<\/a><\/h2><\/div>\t\t<\/div>\r\n\t<\/article>\r\n\t<article class=\"w-grid-item size_1x1 post-470 post type-post status-publish format-standard has-post-thumbnail hentry category-sin-categorizar\" data-id=\"470\">\r\n\t\t<div class=\"w-grid-item-h\">\r\n\t\t\t\t\t\t<div class=\"w-post-elm post_image usg_post_image_1 stretched\"><a href=\"https:\/\/delatorrelaw.com\/es\/success-stories-second-quarter-2023\/\" aria-label=\"Historias de \u00e9xito, segundo trimestre de 2023\"><img loading=\"lazy\" decoding=\"async\" width=\"1500\" height=\"996\" src=\"https:\/\/delatorrelaw.com\/wp-content\/uploads\/2023\/08\/sello-pasaporte-inmigracion.jpg\" class=\"attachment-us_600_600_crop size-us_600_600_crop wp-post-image\" alt=\"\" srcset=\"https:\/\/delatorrelaw.com\/wp-content\/uploads\/2023\/08\/sello-pasaporte-inmigracion.jpg 1500w, https:\/\/delatorrelaw.com\/wp-content\/uploads\/2023\/08\/sello-pasaporte-inmigracion-300x199.jpg 300w, https:\/\/delatorrelaw.com\/wp-content\/uploads\/2023\/08\/sello-pasaporte-inmigracion-1024x680.jpg 1024w\" sizes=\"auto, (max-width: 1500px) 100vw, 1500px\" \/><\/a><\/div><div class=\"w-vwrapper usg_vwrapper_1 align_left valign_top\"><div class=\"w-hwrapper usg_hwrapper_1 align_left valign_top\"><div class=\"w-post-elm post_taxonomy usg_post_taxonomy_1 style_simple\"><a href=\"https:\/\/delatorrelaw.com\/es\/category\/sin-categorizar\/\">Sin categorizar<\/a>, <a href=\"https:\/\/delatorrelaw.com\/es\/category\/sin-categorizar\/\">Sin categorizar<\/a>, <a href=\"https:\/\/delatorrelaw.com\/es\/category\/sin-categorizar\/\">Sin categorizar<\/a>, <a href=\"https:\/\/delatorrelaw.com\/es\/category\/sin-categorizar\/\">Sin categorizar<\/a>, <a href=\"https:\/\/delatorrelaw.com\/es\/category\/sin-categorizar\/\">Sin categorizar<\/a><\/div><time class=\"w-post-elm post_date usg_post_date_1 entry-date published\" datetime=\"2023-08-30T21:28:22+00:00\" title=\"30 agosto 2023 a las 21:28:22 +00:00\">30 Ago 2023<\/time><\/div><h2 class=\"w-post-elm post_title usg_post_title_1 entry-title color_link_inherit has_text_color\"><a href=\"https:\/\/delatorrelaw.com\/es\/success-stories-second-quarter-2023\/\">Historias de \u00e9xito, segundo trimestre de 2023<\/a><\/h2><\/div>\t\t<\/div>\r\n\t<\/article>\r\n\t<article class=\"w-grid-item size_1x1 post-339 post type-post status-publish format-standard has-post-thumbnail hentry\" data-id=\"339\">\r\n\t\t<div class=\"w-grid-item-h\">\r\n\t\t\t\t\t\t<div class=\"w-post-elm post_image usg_post_image_1 stretched\"><a href=\"https:\/\/delatorrelaw.com\/es\/success-stories-first-quarter-2023\/\" aria-label=\"Casos de \u00c9xito, Primer Trimestre 2023\"><img loading=\"lazy\" decoding=\"async\" width=\"1500\" height=\"983\" src=\"https:\/\/delatorrelaw.com\/wp-content\/uploads\/2023\/03\/banner.jpg\" class=\"attachment-us_600_600_crop size-us_600_600_crop wp-post-image\" alt=\"\" srcset=\"https:\/\/delatorrelaw.com\/wp-content\/uploads\/2023\/03\/banner.jpg 1500w, https:\/\/delatorrelaw.com\/wp-content\/uploads\/2023\/03\/banner-300x197.jpg 300w, https:\/\/delatorrelaw.com\/wp-content\/uploads\/2023\/03\/banner-1024x671.jpg 1024w\" sizes=\"auto, (max-width: 1500px) 100vw, 1500px\" \/><\/a><\/div><div class=\"w-vwrapper usg_vwrapper_1 align_left valign_top\"><div class=\"w-hwrapper usg_hwrapper_1 align_left valign_top\"><time class=\"w-post-elm post_date usg_post_date_1 entry-date published\" datetime=\"2023-03-14T17:16:20+00:00\" title=\"14 marzo 2023 a las 17:16:20 +00:00\">14 Mar 2023<\/time><\/div><h2 class=\"w-post-elm post_title usg_post_title_1 entry-title color_link_inherit has_text_color\"><a href=\"https:\/\/delatorrelaw.com\/es\/success-stories-first-quarter-2023\/\">Casos de \u00c9xito, Primer Trimestre 2023<\/a><\/h2><\/div>\t\t<\/div>\r\n\t<\/article>\r\n\t<article class=\"w-grid-item size_1x1 post-331 post type-post status-publish format-standard has-post-thumbnail hentry\" data-id=\"331\">\r\n\t\t<div class=\"w-grid-item-h\">\r\n\t\t\t\t\t\t<div class=\"w-post-elm post_image usg_post_image_1 stretched\"><a href=\"https:\/\/delatorrelaw.com\/es\/embassy-en-bogota-holds-e2-visas-honduras-helps-colombians\/\" aria-label=\"Embajada en Bogot\u00e1 tiene Visas E2, Honduras ayuda a los colombianos\"><img loading=\"lazy\" decoding=\"async\" width=\"1500\" height=\"1000\" src=\"https:\/\/delatorrelaw.com\/wp-content\/uploads\/2023\/03\/noticia-nueva.jpg\" class=\"attachment-us_600_600_crop size-us_600_600_crop wp-post-image\" alt=\"\" srcset=\"https:\/\/delatorrelaw.com\/wp-content\/uploads\/2023\/03\/noticia-nueva.jpg 1500w, https:\/\/delatorrelaw.com\/wp-content\/uploads\/2023\/03\/noticia-nueva-300x200.jpg 300w, https:\/\/delatorrelaw.com\/wp-content\/uploads\/2023\/03\/noticia-nueva-1024x683.jpg 1024w\" sizes=\"auto, (max-width: 1500px) 100vw, 1500px\" \/><\/a><\/div><div class=\"w-vwrapper usg_vwrapper_1 align_left valign_top\"><div class=\"w-hwrapper usg_hwrapper_1 align_left valign_top\"><time class=\"w-post-elm post_date usg_post_date_1 entry-date published\" datetime=\"2023-03-06T21:05:48+00:00\" title=\"6 marzo 2023 a las 21:05:48 +00:00\">6 Mar 2023<\/time><\/div><h2 class=\"w-post-elm post_title usg_post_title_1 entry-title color_link_inherit has_text_color\"><a href=\"https:\/\/delatorrelaw.com\/es\/embassy-en-bogota-holds-e2-visas-honduras-helps-colombians\/\">Embajada en Bogot\u00e1 tiene Visas E2, Honduras ayuda a los colombianos<\/a><\/h2><\/div>\t\t<\/div>\r\n\t<\/article>\r\n\t<article class=\"w-grid-item size_1x1 post-202 post type-post status-publish format-standard has-post-thumbnail hentry\" data-id=\"202\">\r\n\t\t<div class=\"w-grid-item-h\">\r\n\t\t\t\t\t\t<div class=\"w-post-elm post_image usg_post_image_1 stretched\"><a href=\"https:\/\/delatorrelaw.com\/es\/failure-to-pay-court-obligation-that-does-not-mean-your-license-should-be-suspended\/\" aria-label=\"Incumplimiento en el pago de la obligaci\u00f3n judicial ??? Eso no significa que deba suspender su licencia.\"><img loading=\"lazy\" decoding=\"async\" width=\"1000\" height=\"667\" src=\"https:\/\/delatorrelaw.com\/wp-content\/uploads\/2021\/11\/negotiations-about-contract-terms-concept-hand-pointing-document-closeup.jpg\" class=\"attachment-us_600_600_crop size-us_600_600_crop wp-post-image\" alt=\"\" srcset=\"https:\/\/delatorrelaw.com\/wp-content\/uploads\/2021\/11\/negotiations-about-contract-terms-concept-hand-pointing-document-closeup.jpg 1000w, https:\/\/delatorrelaw.com\/wp-content\/uploads\/2021\/11\/negotiations-about-contract-terms-concept-hand-pointing-document-closeup-300x200.jpg 300w\" sizes=\"auto, (max-width: 1000px) 100vw, 1000px\" \/><\/a><\/div><div class=\"w-vwrapper usg_vwrapper_1 align_left valign_top\"><div class=\"w-hwrapper usg_hwrapper_1 align_left valign_top\"><time class=\"w-post-elm post_date usg_post_date_1 entry-date published\" datetime=\"2021-11-23T20:55:47+00:00\" title=\"23 noviembre 2021 a las 20:55:47 +00:00\">23 Nov 2021<\/time><\/div><h2 class=\"w-post-elm post_title usg_post_title_1 entry-title color_link_inherit has_text_color\"><a href=\"https:\/\/delatorrelaw.com\/es\/failure-to-pay-court-obligation-that-does-not-mean-your-license-should-be-suspended\/\">Incumplimiento en el pago de la obligaci\u00f3n judicial ??? Eso no significa que deba suspender su licencia.<\/a><\/h2><\/div>\t\t<\/div>\r\n\t<\/article>\r\n\t<article class=\"w-grid-item size_1x1 post-199 post type-post status-publish format-standard has-post-thumbnail hentry category-sin-categorizar\" data-id=\"199\">\r\n\t\t<div class=\"w-grid-item-h\">\r\n\t\t\t\t\t\t<div class=\"w-post-elm post_image usg_post_image_1 stretched\"><a href=\"https:\/\/delatorrelaw.com\/es\/juan-de-la-torre-comments-on-the-effect-of-this-removal-order-dating-back-to-2001\/\" aria-label=\"Juan de la Torre comenta sobre el efecto de esta orden de remoci\u00f3n que data de 2001\"><img loading=\"lazy\" decoding=\"async\" width=\"1000\" height=\"665\" src=\"https:\/\/delatorrelaw.com\/wp-content\/uploads\/2021\/11\/soldier-family.jpg\" class=\"attachment-us_600_600_crop size-us_600_600_crop wp-post-image\" alt=\"\" srcset=\"https:\/\/delatorrelaw.com\/wp-content\/uploads\/2021\/11\/soldier-family.jpg 1000w, https:\/\/delatorrelaw.com\/wp-content\/uploads\/2021\/11\/soldier-family-300x200.jpg 300w\" sizes=\"auto, (max-width: 1000px) 100vw, 1000px\" \/><\/a><\/div><div class=\"w-vwrapper usg_vwrapper_1 align_left valign_top\"><div class=\"w-hwrapper usg_hwrapper_1 align_left valign_top\"><div class=\"w-post-elm post_taxonomy usg_post_taxonomy_1 style_simple\"><a href=\"https:\/\/delatorrelaw.com\/es\/category\/sin-categorizar\/\">Sin categorizar<\/a>, <a href=\"https:\/\/delatorrelaw.com\/es\/category\/sin-categorizar\/\">Sin categorizar<\/a>, <a href=\"https:\/\/delatorrelaw.com\/es\/category\/sin-categorizar\/\">Sin categorizar<\/a>, <a href=\"https:\/\/delatorrelaw.com\/es\/category\/sin-categorizar\/\">Sin categorizar<\/a>, <a href=\"https:\/\/delatorrelaw.com\/es\/category\/sin-categorizar\/\">Sin categorizar<\/a><\/div><time class=\"w-post-elm post_date usg_post_date_1 entry-date published\" datetime=\"2021-11-23T20:46:00+00:00\" title=\"23 noviembre 2021 a las 20:46:00 +00:00\">23 Nov 2021<\/time><\/div><h2 class=\"w-post-elm post_title usg_post_title_1 entry-title color_link_inherit has_text_color\"><a href=\"https:\/\/delatorrelaw.com\/es\/juan-de-la-torre-comments-on-the-effect-of-this-removal-order-dating-back-to-2001\/\">Juan de la Torre comenta sobre el efecto de esta orden de remoci\u00f3n que data de 2001<\/a><\/h2><\/div>\t\t<\/div>\r\n\t<\/article>\r\n<\/div><div class=\"w-grid-preloader\"><div class=\"g-preloader type_1\">\r\n\t<div><\/div>\r\n<\/div>\r\n<\/div>\t<div class=\"w-grid-json hidden\" onclick='return {&quot;action&quot;:&quot;us_ajax_grid&quot;,&quot;ajax_url&quot;:&quot;https:\\\/\\\/delatorrelaw.com\\\/wp-admin\\\/admin-ajax.php&quot;,&quot;infinite_scroll&quot;:0,&quot;max_num_pages&quot;:2,&quot;pagination&quot;:&quot;none&quot;,&quot;permalink_url&quot;:&quot;https:\\\/\\\/delatorrelaw.com\\\/es\\\/wp-json\\\/wp\\\/v2\\\/pages\\\/413\\\/&quot;,&quot;template_vars&quot;:{&quot;columns&quot;:&quot;4&quot;,&quot;exclude_items&quot;:&quot;none&quot;,&quot;img_size&quot;:&quot;default&quot;,&quot;ignore_items_size&quot;:false,&quot;items_layout&quot;:&quot;blog_9&quot;,&quot;items_offset&quot;:&quot;1&quot;,&quot;load_animation&quot;:&quot;none&quot;,&quot;overriding_link&quot;:&quot;none&quot;,&quot;post_id&quot;:413,&quot;query_args&quot;:{&quot;post_type&quot;:[&quot;post&quot;],&quot;post_status&quot;:[&quot;publish&quot;],&quot;posts_per_page&quot;:&quot;10&quot;},&quot;orderby_query_args&quot;:{&quot;orderby&quot;:{&quot;date&quot;:&quot;DESC&quot;}},&quot;type&quot;:&quot;grid&quot;,&quot;us_grid_ajax_index&quot;:1,&quot;us_grid_filter_params&quot;:null,&quot;us_grid_index&quot;:1,&quot;_us_grid_post_type&quot;:&quot;post&quot;,&quot;lang&quot;:&quot;es&quot;}}'><\/div>\r\n\t<\/div><\/div><\/div><\/div><\/div><\/div><\/section>\n","protected":false},"excerpt":{"rendered":"El abogado Juan de la Torre comenta sobre el efecto de esta orden de expulsi\u00f3n que se remonta a 2001, un Veterano de Combate de los EE. UU. (Guerra de Corea) pierde a su esposa debido a la orden permanente anterior a su matrimonio. Aunque todav\u00eda es elegible para una exenci\u00f3n, tendr\u00e1 que adjudicarse en...","protected":false},"author":1,"featured_media":0,"parent":0,"menu_order":0,"comment_status":"closed","ping_status":"closed","template":"","meta":{"footnotes":""},"class_list":["post-413","page","type-page","status-publish","hentry"],"_links":{"self":[{"href":"https:\/\/delatorrelaw.com\/es\/wp-json\/wp\/v2\/pages\/413","targetHints":{"allow":["GET"]}}],"collection":[{"href":"https:\/\/delatorrelaw.com\/es\/wp-json\/wp\/v2\/pages"}],"about":[{"href":"https:\/\/delatorrelaw.com\/es\/wp-json\/wp\/v2\/types\/page"}],"author":[{"embeddable":true,"href":"https:\/\/delatorrelaw.com\/es\/wp-json\/wp\/v2\/users\/1"}],"replies":[{"embeddable":true,"href":"https:\/\/delatorrelaw.com\/es\/wp-json\/wp\/v2\/comments?post=413"}],"version-history":[{"count":9,"href":"https:\/\/delatorrelaw.com\/es\/wp-json\/wp\/v2\/pages\/413\/revisions"}],"predecessor-version":[{"id":793,"href":"https:\/\/delatorrelaw.com\/es\/wp-json\/wp\/v2\/pages\/413\/revisions\/793"}],"wp:attachment":[{"href":"https:\/\/delatorrelaw.com\/es\/wp-json\/wp\/v2\/media?parent=413"}],"curies":[{"name":"wp","href":"https:\/\/api.w.org\/{rel}","templated":true}]}}