{"id":209,"date":"2021-11-24T15:12:21","date_gmt":"2021-11-24T15:12:21","guid":{"rendered":"https:\/\/delatorrelaw.com\/civil-family-lawyer-florida\/"},"modified":"2024-06-18T15:55:17","modified_gmt":"2024-06-18T15:55:17","slug":"civil-family-lawyer-florida","status":"publish","type":"page","link":"https:\/\/delatorrelaw.com\/es\/civil-family-lawyer-florida\/","title":{"rendered":"Abogado de Derecho Familiar en Orlando"},"content":{"rendered":"<section class=\"l-section wpb_row height_medium\"><div class=\"l-section-h i-cf\"><div class=\"g-cols vc_row type_default valign_top\"><div class=\"vc_col-sm-12 wpb_column vc_column_container\"><div class=\"vc_column-inner\"><div class=\"wpb_wrapper\"><div class=\"wpb_text_column us_custom_40827b04 has_text_color\" id=\"titulo\"><div class=\"wpb_wrapper\"><h1 class=\"title\" style=\"text-align: center;\">TU ABOGADO DE<br \/>\n<strong style=\"color: #c5a246;\"> DERECHO CIVIL Y FAMILIAR EN ORLANDO<\/strong><\/h1>\n<\/div><\/div><div class=\"w-btn-wrapper width_auto align_center\"><a class=\"w-btn us-btn-style_1 icon_atleft\" target=\"_blank\" href=\"https:\/\/app.casefox.com\/leadintake?key=%2Fifau1645225b475\" rel=\"noopener\"><i class=\"fas fa-list\"><\/i><span class=\"w-btn-label\">CUESTIONARIO B\u00c1SICO<\/span><\/a><\/div><div class=\"ult-spacer spacer-69e90ae865399\" data-id=\"69e90ae865399\" data-height=\"30\" data-height-mobile=\"30\" data-height-tab=\"30\" data-height-tab-portrait=\"\" data-height-mobile-landscape=\"\" style=\"clear:both;display:block;\"><\/div><div class=\"w-tabs layout_ver navpos_left navwidth_30 title_atleft style_modern switch_click icon_chevron iconpos_right title_atleft\"><div class=\"w-tabs-list items_3\"><div class=\"w-tabs-list-h\"><a class=\"w-tabs-item active with_icon\" aria-controls=\"content-1637779565277-ea636835-5130\" href=\"javascript:void(0);\"><i class=\"fas fa-book\"><\/i><span class=\"w-tabs-item-title\">LEY FAMILIAR<\/span><\/a><a class=\"w-tabs-item with_icon\" aria-controls=\"content-1718721389961-384c3e18-b41e\" href=\"javascript:void(0);\"><i class=\"fas fa-book\"><\/i><span class=\"w-tabs-item-title\">CONOCE TUS DERECHOS<\/span><\/a><a class=\"w-tabs-item with_icon\" aria-controls=\"content-1637779565258-a4af1991-4b6c\" href=\"javascript:void(0);\"><i class=\"fas fa-book\"><\/i><span class=\"w-tabs-item-title\">DERECHO CIVIL \/ EMBARGOS HIPOTECARIOS Y FAMILIAR<\/span><\/a><\/div><\/div><div class=\"w-tabs-sections\"><div class=\"w-tabs-sections-h\"><div class=\"w-tabs-section with_icon active\" id=\"1637779565277-ea636835-5130\"><button aria-controls=\"content-1637779565277-ea636835-5130\" class=\"w-tabs-section-header active\"><div class=\"w-tabs-section-header-h\"><i class=\"fas fa-book\"><\/i><div class=\"w-tabs-section-title\">LEY FAMILIAR<\/div><div class=\"w-tabs-section-control\"><\/div><\/div><\/button><div class=\"w-tabs-section-content\" id=\"content-1637779565277-ea636835-5130\" aria-expanded=\"true\"><div class=\"w-tabs-section-content-h i-cf\"><div class=\"g-cols wpb_row  type_default valign_middle vc_inner\"><div class=\"vc_col-sm-12 wpb_column vc_column_container\"><div class=\"vc_column-inner\"><div class=\"wpb_wrapper\"><div class=\"wpb_text_column\" ><div class=\"wpb_wrapper\"><h2><strong>Ley Familiar<\/strong><\/h2>\n<p><strong>DE LA TORRE LAW FIRM<\/strong> adopta un enfoque sensato del derecho de familia. Ya tienes suficiente drama como est\u00e1, no es necesario que se lo agregue. Nuestra firma mide los casos en funci\u00f3n de cu\u00e1l ser\u00eda su resultado probable en el juicio, y no tenemos miedo de decirle si est\u00e1 aceptando un mal trato. Pero tambi\u00e9n te avisaremos cuando aceptes un buen trato. Tambi\u00e9n tratamos de recordar a nuestros clientes con ni\u00f1os que siempre piensen en sus intereses, porque es lo correcto, pero sobre todo porque los Tribunales considerar\u00e1n el mejor inter\u00e9s de los ni\u00f1os antes que el inter\u00e9s de los padres. Los clientes deben recordar que el derecho de familia es un tribunal de equidad, y los jueces a menudo tratar\u00e1n de hacer lo que es equitativo. En este contexto, el tribunal de familia no se trata de ganadores y perdedores, se trata de lo que es justo seg\u00fan la ley. Con este enfoque, <strong>DE LA TORRE LAW FIRM<\/strong> espera poder manejar su caso.<\/p>\n<\/div><\/div><div class=\"ult-spacer spacer-69e90ae86672a\" data-id=\"69e90ae86672a\" data-height=\"30\" data-height-mobile=\"30\" data-height-tab=\"30\" data-height-tab-portrait=\"\" data-height-mobile-landscape=\"\" style=\"clear:both;display:block;\"><\/div><\/div><\/div><\/div><div class=\"vc_col-sm-5 wpb_column vc_column_container\"><div class=\"vc_column-inner\"><div class=\"wpb_wrapper\"><div class=\"wpb_text_column\" ><div class=\"wpb_wrapper\"><h3><strong>Nosotros manejamos:<\/strong><\/h3>\n<ul>\n<li>Divorcio<\/li>\n<li>Paternidad<\/li>\n<li>Distribuci\u00f3n equitativa<\/li>\n<li>Manutenci\u00f3n de los hijos<\/li>\n<li>Pensi\u00f3n alimenticia<\/li>\n<li>Separaci\u00f3n de bienes<\/li>\n<\/ul>\n<\/div><\/div><\/div><\/div><\/div><div class=\"vc_col-sm-7 wpb_column vc_column_container\"><div class=\"vc_column-inner\"><div class=\"wpb_wrapper\"><div class=\"w-image align_none\"><div class=\"w-image-h\"><img loading=\"lazy\" decoding=\"async\" width=\"1024\" height=\"683\" src=\"https:\/\/delatorrelaw.com\/wp-content\/uploads\/2021\/11\/family-1024x683.jpg\" class=\"attachment-large size-large\" alt=\"\" srcset=\"https:\/\/delatorrelaw.com\/wp-content\/uploads\/2021\/11\/family-1024x683.jpg 1024w, https:\/\/delatorrelaw.com\/wp-content\/uploads\/2021\/11\/family-300x200.jpg 300w, https:\/\/delatorrelaw.com\/wp-content\/uploads\/2021\/11\/family.jpg 1500w\" sizes=\"auto, (max-width: 1024px) 100vw, 1024px\" \/><\/div><\/div><\/div><\/div><\/div><\/div><\/div><\/div><\/div><div class=\"w-tabs-section with_icon\" id=\"1718721389961-384c3e18-b41e\"><button aria-controls=\"content-1718721389961-384c3e18-b41e\" class=\"w-tabs-section-header\"><div class=\"w-tabs-section-header-h\"><i class=\"fas fa-book\"><\/i><div class=\"w-tabs-section-title\">CONOCE TUS DERECHOS<\/div><div class=\"w-tabs-section-control\"><\/div><\/div><\/button><div class=\"w-tabs-section-content\" id=\"content-1718721389961-384c3e18-b41e\" aria-expanded=\"false\"><div class=\"w-tabs-section-content-h i-cf\"><div class=\"wpb_text_column\" ><div class=\"wpb_wrapper\"><h2><em><strong>DERECHO FAMILIAR<\/strong><\/em><\/h2>\n<h3><strong>PATERNIDAD<\/strong><\/h3>\n<p>\u00bfNecesitas ir a la corte para establecer tus derechos legales como padre?<br \/>\nEn Florida, se presume que un ni\u00f1o nacido fuera del matrimonio es hijo de la madre, pero NO del padre. Incluso si el padre figura en el certificado de nacimiento, debe ir a la corte y establecer su paternidad para hacer valer sus derechos a compartir el tiempo 50\/50. Esto se denomina una petici\u00f3n de paternidad.<\/p>\n<h3><strong>DIVORCIO<\/strong><\/h3>\n<p><strong>Un divorcio t\u00edpico con propiedades e hijos incluye las siguientes cuestiones:<\/strong><br \/>\n1. \u00bfEst\u00e1 el matrimonio irremediablemente roto?<br \/>\n2. Distribuci\u00f3n Equitativa<br \/>\n3. Partici\u00f3n \/ Divisi\u00f3n de la Casa Marital<br \/>\n4. Compartir tiempo con tus hijos<br \/>\n5. Manutenci\u00f3n de los hijos<br \/>\n6. Pensi\u00f3n alimenticia<br \/>\n7. Honorarios de abogados<\/p>\n<h3><strong>DISTRIBUCI\u00d3N EQUITATIVA<\/strong><\/h3>\n<p>En Florida, la distribuci\u00f3n equitativa se centra en dividir los activos y pasivos matrimoniales adquiridos durante el matrimonio.<\/p>\n<p>Despu\u00e9s de la fecha del matrimonio, los activos y pasivos adquiridos est\u00e1n sujetos a una distribuci\u00f3n equitativa del 50\/50 y no importa a qui\u00e9n est\u00e9 titulada la propiedad, siempre que se haya adquirido durante el matrimonio.<\/p>\n<p>Los factores que se consideran en el proceso de distribuci\u00f3n equitativa incluyen: (1) la duraci\u00f3n del matrimonio, (2) las circunstancias econ\u00f3micas de cada c\u00f3nyuge, (3) qui\u00e9n se queda con la casa marital, y (4) si alguien disip\u00f3 intencionalmente los activos matrimoniales.<\/p>\n<p>Aunque el proceso pretende ser JUSTO, a menudo se siente lleno de conflictos. Una buena manera de planificar y evitar estos conflictos es obtener un ACUERDO PRENUPCIAL o un ACUERDO POSTNUPCIAL que detalla los deseos de las partes mientras todav\u00eda se llevan bien.<\/p>\n<h3><strong>PARTICI\u00d3N DE LA CASA MARITAL<\/strong><\/h3>\n<p>El activo m\u00e1s grande que a menudo poseen la mayor\u00eda de las parejas es la casa marital. La casa marital a menudo es dif\u00edcil de dejar porque la pareja hizo recuerdos con sus hijos y familia en la casa, y a menudo hay un apego emocional a la propiedad.<br \/>\nUna casa marital no se puede dividir por la mitad como una cuenta bancaria en la distribuci\u00f3n equitativa. Una casa donde la hipoteca est\u00e1 sustancialmente pagada y tiene una cantidad significativa de capital a menudo es el activo m\u00e1s grande que posee la pareja marital.<br \/>\nPara dividir el capital en la casa, se realiza una venta de partici\u00f3n, y las partes t\u00edpicamente dividen los ingresos netos por igual. Los factores considerados incluyen (1) si la propiedad es homestead, (2) si hay personas discapacitadas viviendo en la casa, y (3) la capacidad de un c\u00f3nyuge para comprar al otro.<\/p>\n<h3><strong>PENSI\u00d3N ALIMENTICIA<\/strong><\/h3>\n<p>\u00bfQu\u00e9 es la pensi\u00f3n alimenticia o el soporte matrimonial? Son pagos realizados por un c\u00f3nyuge que tiene un ingreso mucho mayor, al otro c\u00f3nyuge que gana menos y necesita apoyo para mantener el est\u00e1ndar de vida alcanzado durante el matrimonio.<\/p>\n<p>La parte que solicita la pensi\u00f3n alimenticia debe demostrar que tiene una necesidad, y que el otro c\u00f3nyuge tiene la capacidad de pagar.<\/p>\n<p>Los tipos de pensi\u00f3n alimenticia incluyen temporal, de transici\u00f3n, y duracional. Cada tipo tiene diferentes factores a considerar. La pensi\u00f3n alimenticia duracional, por ejemplo, NO puede ser otorgada por un matrimonio que dure menos de tres (3) a\u00f1os.<br \/>\nEn 2023, la pensi\u00f3n alimenticia permanente o pensi\u00f3n alimenticia de \u201cpor vida\u201d fue abolida en Florida. Tambi\u00e9n ver Estatuto de Florida 61.08.<\/p>\n<h3><strong>COMPARTIR TIEMPO CON TUS HIJOS<\/strong><\/h3>\n<p>En 2023, se oficializ\u00f3 que ambos padres tienen derecho a pasar el 50% del tiempo con sus hijos. Los padres pueden acordar y negociar c\u00f3mo dividir el tiempo con los hijos, partiendo del entendimiento que la divisi\u00f3n por defecto es 50\/50.<\/p>\n<h3><strong>MANUTENCI\u00d3N INFANTIL<\/strong><\/h3>\n<p>En Florida, las pautas de manutenci\u00f3n infantil en el Estatuto de Florida 61.30 determinan la cantidad de manutenci\u00f3n infantil que un padre debe pagar al otro. T\u00edpicamente, el padre que tiene mayores ingresos pagar\u00e1 la manutenci\u00f3n al otro padre. La raz\u00f3n de esto es porque la TABLA considera primero que el ingreso combinado de los padres es necesario para sostener al ni\u00f1o. Naturalmente, si un padre gana m\u00e1s, su contribuci\u00f3n al sost\u00e9n del ni\u00f1o es t\u00edpicamente mayor.<br \/>\nOtros factores a considerar al determinar la manutenci\u00f3n infantil incluyen el horario de tiempo compartido (\u00bfes una divisi\u00f3n 50\/50?), qui\u00e9n paga por la guarder\u00eda, qui\u00e9n paga los gastos m\u00e9dicos, y otras necesidades que el ni\u00f1o pueda tener. Tambi\u00e9n ver Estatuto de Florida 61.30.<\/p>\n<h3><strong>HONORARIOS DE ABOGADOS<\/strong><\/h3>\n<p>En Florida, los honorarios de abogados pueden ser pagados por un c\u00f3nyuge para el otro c\u00f3nyuge, si la parte pagadora tiene una capacidad mucho mayor para pagar un abogado y el c\u00f3nyuge no pagador tiene necesidad de asistencia. La finalidad de esto es ofrecer a ambas partes la misma oportunidad de obtener asesor\u00eda legal. Tambi\u00e9n ver Estatuto de Florida 61.16.<\/p>\n<\/div><\/div><\/div><\/div><\/div><div class=\"w-tabs-section with_icon\" id=\"1637779565258-a4af1991-4b6c\"><button aria-controls=\"content-1637779565258-a4af1991-4b6c\" class=\"w-tabs-section-header\"><div class=\"w-tabs-section-header-h\"><i class=\"fas fa-book\"><\/i><div class=\"w-tabs-section-title\">DERECHO CIVIL \/ EMBARGOS HIPOTECARIOS Y FAMILIAR<\/div><div class=\"w-tabs-section-control\"><\/div><\/div><\/button><div class=\"w-tabs-section-content\" id=\"content-1637779565258-a4af1991-4b6c\" aria-expanded=\"false\"><div class=\"w-tabs-section-content-h i-cf\"><div class=\"g-cols wpb_row  type_default valign_middle vc_inner\"><div class=\"vc_col-sm-12 wpb_column vc_column_container\"><div class=\"vc_column-inner\"><div class=\"wpb_wrapper\"><div class=\"wpb_text_column\" ><div class=\"wpb_wrapper\"><h2><strong>Derecho Civil \/ Embargos Hipotecarios y Familiar<\/strong><\/h2>\n<p><strong>Casos civiles<\/strong><\/p>\n<p><em><strong>DE LA TORRE LAW FIRM<\/strong><\/em> puede ayudarlo con casos de ejecuci\u00f3n hipotecaria y negociaciones previas a la demanda en asuntos relacionados con los negocios.<\/p>\n<p><strong>Ejecuciones Hipotecarias<\/strong><\/p>\n<p>En m\u00e1s de 13 a\u00f1os, <em><strong>DE LA TORRE LAW FIRM<\/strong><\/em> ha defendido cientos de casos de ejecuci\u00f3n hipotecaria. Sabemos qu\u00e9 buscar para comprarle el tiempo que necesita para salvar su hogar. En nuestra experiencia, es mejor intentar una modificaci\u00f3n de pr\u00e9stamo, pero esto puede tener un l\u00edmite de tiempo si el banco ya present\u00f3 una demanda y, en este caso, recomendamos enf\u00e1ticamente la ayuda de un abogado.<br \/>\nUn abogado puede ayudarlo a ganar el tiempo que necesita para lograr una modificaci\u00f3n de pr\u00e9stamo o, alternativamente, si necesita vender su propiedad para recuperar el capital antes de que el banco ejecute la hipoteca y todo se pierda. Para obtener m\u00e1s informaci\u00f3n, ll\u00e1menos a nuestra(s) oficina(s) <a href=\"tel:+14077330640\" target=\"_blank\" rel=\"noopener\">407-733-0640<\/a>.<\/p>\n<\/div><\/div><div class=\"ult-spacer spacer-69e90ae86819f\" data-id=\"69e90ae86819f\" data-height=\"30\" data-height-mobile=\"30\" data-height-tab=\"30\" data-height-tab-portrait=\"\" data-height-mobile-landscape=\"\" style=\"clear:both;display:block;\"><\/div><\/div><\/div><\/div><div class=\"vc_col-sm-5 wpb_column vc_column_container\"><div class=\"vc_column-inner\"><div class=\"wpb_wrapper\"><div class=\"wpb_text_column\" ><div class=\"wpb_wrapper\"><h3><strong>Manejamos:<\/strong><\/h3>\n<ul>\n<li>Ejecuci\u00f3n Hipotecaria<\/li>\n<li>Incumplimiento de contrato previo a la demanda<\/li>\n<li>Cartas de demanda previas a la demanda<\/li>\n<\/ul>\n<\/div><\/div><\/div><\/div><\/div><div class=\"vc_col-sm-7 wpb_column vc_column_container\"><div class=\"vc_column-inner\"><div class=\"wpb_wrapper\"><div class=\"w-image align_none\"><div class=\"w-image-h\"><img loading=\"lazy\" decoding=\"async\" width=\"1024\" height=\"986\" src=\"https:\/\/delatorrelaw.com\/wp-content\/uploads\/2023\/05\/morgage-1024x986.jpg\" class=\"attachment-large size-large\" alt=\"\" srcset=\"https:\/\/delatorrelaw.com\/wp-content\/uploads\/2023\/05\/morgage-1024x986.jpg 1024w, https:\/\/delatorrelaw.com\/wp-content\/uploads\/2023\/05\/morgage-300x289.jpg 300w, https:\/\/delatorrelaw.com\/wp-content\/uploads\/2023\/05\/morgage.jpg 1040w\" sizes=\"auto, (max-width: 1024px) 100vw, 1024px\" \/><\/div><\/div><\/div><\/div><\/div><\/div><div class=\"ult-spacer spacer-69e90ae868a5a\" data-id=\"69e90ae868a5a\" data-height=\"40\" data-height-mobile=\"40\" data-height-tab=\"40\" data-height-tab-portrait=\"\" data-height-mobile-landscape=\"\" style=\"clear:both;display:block;\"><\/div><div class=\"ult-spacer spacer-69e90ae868a79\" data-id=\"69e90ae868a79\" data-height=\"30\" data-height-mobile=\"30\" data-height-tab=\"30\" data-height-tab-portrait=\"\" data-height-mobile-landscape=\"\" style=\"clear:both;display:block;\"><\/div><\/div><\/div><\/div><\/div><\/div><\/div><\/div><\/div><\/div><\/div><\/div><\/section><section class=\"l-section wpb_row height_medium\"><div class=\"l-section-h i-cf\"><div class=\"g-cols vc_row type_default valign_top\"><div class=\"vc_col-sm-1 wpb_column vc_column_container\"><div class=\"vc_column-inner\"><div class=\"wpb_wrapper\"><\/div><\/div><\/div><div class=\"vc_col-sm-10 wpb_column vc_column_container\"><div class=\"vc_column-inner\"><div class=\"wpb_wrapper\"><\/div><\/div><\/div><div class=\"vc_col-sm-1 wpb_column vc_column_container\"><div class=\"vc_column-inner\"><div class=\"wpb_wrapper\"><\/div><\/div><\/div><\/div><\/div><\/section>\n","protected":false},"excerpt":{"rendered":"TU ABOGADO DE DERECHO CIVIL Y FAMILIAR EN ORLANDO CUESTIONARIO B\u00c1SICOLEY FAMILIARCONOCE TUS DERECHOSDERECHO CIVIL \/ EMBARGOS HIPOTECARIOS Y FAMILIARLEY FAMILIARLey Familiar DE LA TORRE LAW FIRM adopta un enfoque sensato del derecho de familia. Ya tienes suficiente drama como est\u00e1, no es necesario que se lo agregue. Nuestra firma mide los casos en funci\u00f3n...","protected":false},"author":1,"featured_media":0,"parent":0,"menu_order":0,"comment_status":"closed","ping_status":"closed","template":"","meta":{"footnotes":""},"class_list":["post-209","page","type-page","status-publish","hentry"],"_links":{"self":[{"href":"https:\/\/delatorrelaw.com\/es\/wp-json\/wp\/v2\/pages\/209","targetHints":{"allow":["GET"]}}],"collection":[{"href":"https:\/\/delatorrelaw.com\/es\/wp-json\/wp\/v2\/pages"}],"about":[{"href":"https:\/\/delatorrelaw.com\/es\/wp-json\/wp\/v2\/types\/page"}],"author":[{"embeddable":true,"href":"https:\/\/delatorrelaw.com\/es\/wp-json\/wp\/v2\/users\/1"}],"replies":[{"embeddable":true,"href":"https:\/\/delatorrelaw.com\/es\/wp-json\/wp\/v2\/comments?post=209"}],"version-history":[{"count":25,"href":"https:\/\/delatorrelaw.com\/es\/wp-json\/wp\/v2\/pages\/209\/revisions"}],"predecessor-version":[{"id":687,"href":"https:\/\/delatorrelaw.com\/es\/wp-json\/wp\/v2\/pages\/209\/revisions\/687"}],"wp:attachment":[{"href":"https:\/\/delatorrelaw.com\/es\/wp-json\/wp\/v2\/media?parent=209"}],"curies":[{"name":"wp","href":"https:\/\/api.w.org\/{rel}","templated":true}]}}