{"id":192,"date":"2021-11-24T20:36:49","date_gmt":"2021-11-24T20:36:49","guid":{"rendered":"https:\/\/delatorrelaw.com\/contact-us\/"},"modified":"2024-07-22T21:42:55","modified_gmt":"2024-07-22T21:42:55","slug":"contacto","status":"publish","type":"page","link":"https:\/\/delatorrelaw.com\/es\/contacto\/","title":{"rendered":"Cont\u00e1ctanos"},"content":{"rendered":"<section class=\"l-section wpb_row height_medium\"><div class=\"l-section-h i-cf\"><div class=\"g-cols vc_row type_default valign_top\"><div class=\"vc_col-sm-12 wpb_column vc_column_container\"><div class=\"vc_column-inner\"><div class=\"wpb_wrapper\"><div class=\"wpb_text_column us_custom_40827b04 has_text_color\" id=\"titulo\"><div class=\"wpb_wrapper\"><h1 class=\"title\">CONT\u00c1<strong style=\"color: #c5a246;\">CTANOS<\/strong><\/h1>\n<\/div><\/div><div class=\"ult-spacer spacer-69d01a829e64a\" data-id=\"69d01a829e64a\" data-height=\"20\" data-height-mobile=\"20\" data-height-tab=\"20\" data-height-tab-portrait=\"\" data-height-mobile-landscape=\"\" style=\"clear:both;display:block;\"><\/div><div class=\"g-cols wpb_row  type_default valign_top vc_inner\" id=\"content\"><div class=\"vc_col-sm-6 wpb_column vc_column_container\" id=\"box-text\"><div class=\"vc_column-inner\"><div class=\"wpb_wrapper\"><div class=\"w-iconbox iconpos_left style_default color_primary align_center no_title no_text\"><div class=\"w-iconbox-icon\" style=\"font-size:48px;\"><i class=\"fas fa-map\"><\/i><\/div><div class=\"w-iconbox-meta\"><\/div><\/div><div class=\"wpb_text_column\" ><div class=\"wpb_wrapper\"><h4 class=\"icon\"><strong>Oficina principal<\/strong><\/h4>\n<p>135 W.Central Blvd, Suite 445,<br \/>\nOrlando, Florida 32801<\/p>\n<\/div><\/div><\/div><\/div><\/div><div class=\"vc_col-sm-6 wpb_column vc_column_container\" id=\"box-text\"><div class=\"vc_column-inner\"><div class=\"wpb_wrapper\"><div class=\"w-iconbox iconpos_left style_default color_primary align_center no_title no_text\"><div class=\"w-iconbox-icon\" style=\"font-size:48px;\"><i class=\"fas fa-map\"><\/i><\/div><div class=\"w-iconbox-meta\"><\/div><\/div><div class=\"wpb_text_column\" ><div class=\"wpb_wrapper\"><h4><strong>Direcci\u00f3n de env\u00edo<\/strong><\/h4>\n<p>PO Box 780521,<br \/>\nOrlando, Florida 32878<\/p>\n<\/div><\/div><\/div><\/div><\/div><\/div><div class=\"w-separator us_custom_c6a67d78 size_small has_text_color with_line width_default thick_1 style_solid color_text align_center with_content\"><div class=\"w-separator-h\"><i class=\"fas fa-book\"><\/i><\/div><\/div><div class=\"g-cols wpb_row  type_default valign_middle vc_inner\"><div class=\"vc_col-sm-6 wpb_column vc_column_container\"><div class=\"vc_column-inner\"><div class=\"wpb_wrapper\"><div class=\"wpb_text_column us_custom_40827b04 has_text_color\" ><div class=\"wpb_wrapper\"><h1 class=\"title\">CONT\u00c1<strong style=\"color: #c5a246;\">CTANOS<\/strong><\/h1>\n<\/div><\/div><div class=\"aio-icon-component    style_1\"><a class=\"aio-icon-box-link\" href=\"tel:4077330640\" ><div id=\"Info-box-wrap-9801\" class=\"aio-icon-box default-icon\" style=\"\"  ><div class=\"aio-icon-default\"><div class=\"ult-just-icon-wrapper  \"><div class=\"align-icon\" style=\"text-align:center;\">\n<div class=\"aio-icon none \"  style=\"color:#162544;font-size:32px;display:inline-block;\">\n\t<i class=\"Defaults-phone\"><\/i>\n<\/div><\/div><\/div><\/div><div class=\"aio-icon-header\" ><h3 class=\"aio-icon-title ult-responsive\"  data-ultimate-target='#Info-box-wrap-9801 .aio-icon-title'  data-responsive-json-new='{\"font-size\":\"\",\"line-height\":\"\"}'  style=\"\">Telephone: 407-733-0640<\/h3><\/div> <!-- header --><\/div> <!-- aio-icon-box --><\/a><\/div> <!-- aio-icon-component --><div class=\"aio-icon-component    style_1\"><a class=\"aio-icon-box-link\" href=\"mailto:info@delatorrelaw.com\" target=\"_blank\" rel=\"noopener\" ><div id=\"Info-box-wrap-1732\" class=\"aio-icon-box default-icon\" style=\"\"  ><div class=\"aio-icon-default\"><div class=\"ult-just-icon-wrapper  \"><div class=\"align-icon\" style=\"text-align:center;\">\n<div class=\"aio-icon none \"  style=\"color:#162544;font-size:32px;display:inline-block;\">\n\t<i class=\"Defaults-envelope\"><\/i>\n<\/div><\/div><\/div><\/div><div class=\"aio-icon-header\" ><h3 class=\"aio-icon-title ult-responsive\"  data-ultimate-target='#Info-box-wrap-1732 .aio-icon-title'  data-responsive-json-new='{\"font-size\":\"\",\"line-height\":\"\"}'  style=\"\">Email: info@delatorrelaw.com<\/h3><\/div> <!-- header --><\/div> <!-- aio-icon-box --><\/a><\/div> <!-- aio-icon-component --><div class=\"w-btn-wrapper width_auto align_left\"><a class=\"w-btn us-btn-style_1\" target=\"_blank\" href=\"https:\/\/app.casefox.com\/leadintake?key=%2Fifau1645225b475\" rel=\"noopener\"><span class=\"w-btn-label\">SOLICITA UNA CITA<\/span><\/a><\/div><div class=\"ult-spacer spacer-69d01a82a0a7e\" data-id=\"69d01a82a0a7e\" data-height=\"30\" data-height-mobile=\"30\" data-height-tab=\"30\" data-height-tab-portrait=\"\" data-height-mobile-landscape=\"\" style=\"clear:both;display:block;\"><\/div><div class=\"wpb_text_column\" ><div class=\"wpb_wrapper\"><p>Al proporcionar SU n\u00famero de tel\u00e9fono a DE LA TORRE LAW, usted acepta y reconoce que DE LA TORRE LAW puede enviar mensajes de texto a su n\u00famero de tel\u00e9fono inal\u00e1mbrico para cualquier prop\u00f3sito. Se pueden aplicar tarifas por mensajes y datos.<\/p>\n<p>Solo le enviaremos un SMS como respuesta y podr\u00e1 darse de baja respondiendo STOP. Para obtener m\u00e1s informaci\u00f3n sobre c\u00f3mo se tratar\u00e1n sus datos, visite <a href=\"https:\/\/delatorrelaw.com\/privacy-policy-de-la-torre\/\">(POL\u00cdTICA DE PRIVACIDAD).<\/a><\/p>\n<\/div><\/div><\/div><\/div><\/div><div class=\"vc_col-sm-6 wpb_column vc_column_container\"><div class=\"vc_column-inner\"><div class=\"wpb_wrapper\">[vc_raw_html]JTNDaWZyYW1lJTIwc3JjJTNEJTIyaHR0cHMlM0ElMkYlMkZ3d3cuZ29vZ2xlLmNvbSUyRm1hcHMlMkZlbWJlZCUzRnBiJTNEJTIxMW0xOCUyMTFtMTIlMjExbTMlMjExZDM1MDEuNzE3MDcxNDk0NjU1NiUyMTJkLTgxLjM2NjE4MjEyMzA1ODkzJTIxM2QyOC42MzgyNDA1NzU2NjE2OSUyMTJtMyUyMTFmMCUyMTJmMCUyMTNmMCUyMTNtMiUyMTFpMTAyNCUyMTJpNzY4JTIxNGYxMy4xJTIxM20zJTIxMW0yJTIxMXMweDg4ZTc3MWI2NDE0YWJjODclMjUzQTB4ZWM5NTRlYzM5YWYyMDY3MSUyMTJzMTU5JTI1MjBMb29rb3V0JTI1MjBQbCUyNTIwJTI1MjMyMDIlMjUyQyUyNTIwTWFpdGxhbmQlMjUyQyUyNTIwRkwlMjUyMDMyNzUxJTI1MkMlMjUyMEVFLiUyNTIwVVUuJTIxNWUwJTIxM20yJTIxMXNlcyUyMTJzdmUlMjE0djE3MTIwMDUyMjA4NjQlMjE1bTIlMjExc2VzJTIxMnN2ZSUyMiUyMHdpZHRoJTNEJTIyMTAwJTI1JTIyJTIwaGVpZ2h0JTNEJTIyNTUwJTIyJTIwc3R5bGUlM0QlMjJib3JkZXIlM0EwJTNCJTIyJTIwYWxsb3dmdWxsc2NyZWVuJTNEJTIyJTIyJTIwbG9hZGluZyUzRCUyMmxhenklMjIlMjByZWZlcnJlcnBvbGljeSUzRCUyMm5vLXJlZmVycmVyLXdoZW4tZG93bmdyYWRlJTIyJTNFJTNDJTJGaWZyYW1lJTNFJTBB[\/vc_raw_html]<\/div><\/div><\/div><\/div><\/div><\/div><\/div><\/div><\/div><\/section>\n","protected":false},"excerpt":{"rendered":"CONT\u00c1CTANOS Oficina principal 135 W.Central Blvd, Suite 445, Orlando, Florida 32801 Direcci\u00f3n de env\u00edo PO Box 780521, Orlando, Florida 32878 CONT\u00c1CTANOS Telephone: 407-733-0640 Email: info@delatorrelaw.com SOLICITA UNA CITAAl proporcionar SU n\u00famero de tel\u00e9fono a DE LA TORRE LAW, usted acepta y reconoce que DE LA TORRE LAW puede enviar mensajes de texto a su n\u00famero...","protected":false},"author":1,"featured_media":0,"parent":0,"menu_order":0,"comment_status":"closed","ping_status":"closed","template":"","meta":{"footnotes":""},"class_list":["post-192","page","type-page","status-publish","hentry"],"_links":{"self":[{"href":"https:\/\/delatorrelaw.com\/es\/wp-json\/wp\/v2\/pages\/192","targetHints":{"allow":["GET"]}}],"collection":[{"href":"https:\/\/delatorrelaw.com\/es\/wp-json\/wp\/v2\/pages"}],"about":[{"href":"https:\/\/delatorrelaw.com\/es\/wp-json\/wp\/v2\/types\/page"}],"author":[{"embeddable":true,"href":"https:\/\/delatorrelaw.com\/es\/wp-json\/wp\/v2\/users\/1"}],"replies":[{"embeddable":true,"href":"https:\/\/delatorrelaw.com\/es\/wp-json\/wp\/v2\/comments?post=192"}],"version-history":[{"count":14,"href":"https:\/\/delatorrelaw.com\/es\/wp-json\/wp\/v2\/pages\/192\/revisions"}],"predecessor-version":[{"id":706,"href":"https:\/\/delatorrelaw.com\/es\/wp-json\/wp\/v2\/pages\/192\/revisions\/706"}],"wp:attachment":[{"href":"https:\/\/delatorrelaw.com\/es\/wp-json\/wp\/v2\/media?parent=192"}],"curies":[{"name":"wp","href":"https:\/\/api.w.org\/{rel}","templated":true}]}}