{"id":181,"date":"2021-11-23T22:07:41","date_gmt":"2021-11-23T22:07:41","guid":{"rendered":"https:\/\/delatorrelaw.com\/services\/"},"modified":"2024-06-18T15:43:03","modified_gmt":"2024-06-18T15:43:03","slug":"servicios","status":"publish","type":"page","link":"https:\/\/delatorrelaw.com\/es\/servicios\/","title":{"rendered":"Servicios"},"content":{"rendered":"<section class=\"l-section wpb_row height_medium\"><div class=\"l-section-h i-cf\"><div class=\"g-cols vc_row type_default valign_top\"><div class=\"vc_col-sm-12 wpb_column vc_column_container\"><div class=\"vc_column-inner\"><div class=\"wpb_wrapper\"><div class=\"wpb_text_column us_custom_40827b04 has_text_color\" id=\"titulo\"><div class=\"wpb_wrapper\"><h1 class=\"title\" style=\"text-align: center;\">SERV<strong style=\"color: #c5a246;\">ICIOS<\/strong><\/h1>\n<\/div><\/div><div class=\"g-cols wpb_row  type_default valign_top vc_inner\"><div class=\"vc_col-sm-12 vc_col-lg-offset-2 vc_col-lg-8 wpb_column vc_column_container\"><div class=\"vc_column-inner\"><div class=\"wpb_wrapper\"><div class=\"wpb_text_column\" ><div class=\"wpb_wrapper\"><p style=\"text-align: center;\"><strong>DE LA TORRE LAW FIRM<\/strong> brinda servicios legales en las siguientes \u00e1reas de pr\u00e1ctica: Inmigraci\u00f3n, Penal, Familia y Civil. Nuestro bufete de abogados presta servicios en la regi\u00f3n de Orlando \/ Kissimmee \/ Florida central. Nuestro personal es biling\u00fce y est\u00e1 listo para servir.<\/p>\n<\/div><\/div><\/div><\/div><\/div><\/div><\/div><\/div><\/div><\/div><\/div><\/section><section class=\"l-section wpb_row height_medium\"><div class=\"l-section-h i-cf\"><div class=\"g-cols vc_row type_default valign_top\"><div class=\"vc_col-sm-4 wpb_column vc_column_container\"><div class=\"vc_column-inner\"><div class=\"wpb_wrapper\"><div class=\"g-cols wpb_row  type_default valign_top vc_inner\" id=\"box-01\"><div class=\"vc_col-sm-12 wpb_column vc_column_container\" id=\"interbox\"><div class=\"vc_column-inner\"><div class=\"wpb_wrapper\"><div class=\"w-image align_none\"><a href=\"https:\/\/delatorrelaw.com\/criminal-lawyer-florida\/\" aria-label=\"Enlace\" class=\"w-image-h\"><img loading=\"lazy\" decoding=\"async\" width=\"1024\" height=\"685\" src=\"https:\/\/delatorrelaw.com\/wp-content\/uploads\/2021\/11\/Misdemeanors-1024x685-1.jpg\" class=\"attachment-large size-large\" alt=\"\" srcset=\"https:\/\/delatorrelaw.com\/wp-content\/uploads\/2021\/11\/Misdemeanors-1024x685-1.jpg 1024w, https:\/\/delatorrelaw.com\/wp-content\/uploads\/2021\/11\/Misdemeanors-1024x685-1-300x201.jpg 300w\" sizes=\"auto, (max-width: 1024px) 100vw, 1024px\" \/><\/a><\/div><div class=\"ult-spacer spacer-69d01b2b4c900\" data-id=\"69d01b2b4c900\" data-height=\"30\" data-height-mobile=\"30\" data-height-tab=\"30\" data-height-tab-portrait=\"\" data-height-mobile-landscape=\"\" style=\"clear:both;display:block;\"><\/div><div class=\"wpb_text_column\" id=\"contenido-box\"><div class=\"wpb_wrapper\"><h5 class=\"title\" style=\"text-align: left;\"><a href=\"https:\/\/delatorrelaw.com\/criminal-lawyer-florida\/\"><strong>Derecho penal<\/strong><\/a><\/h5>\n<p><strong>De la Torre Law<\/strong> pasa el tiempo para comprender los hechos y los matices de su situaci\u00f3n.<\/p>\n<\/div><\/div><div class=\"w-btn-wrapper width_auto align_center\"><a class=\"w-btn us-btn-style_1\" href=\"https:\/\/delatorrelaw.com\/criminal-lawyer-florida\/\"><span class=\"w-btn-label\">LEER M\u00c1S<\/span><\/a><\/div><\/div><\/div><\/div><\/div><\/div><\/div><\/div><div class=\"vc_col-sm-4 wpb_column vc_column_container\"><div class=\"vc_column-inner\"><div class=\"wpb_wrapper\"><div class=\"g-cols wpb_row  type_default valign_top vc_inner\" id=\"box-01\"><div class=\"vc_col-sm-12 wpb_column vc_column_container\" id=\"interbox\"><div class=\"vc_column-inner\"><div class=\"wpb_wrapper\"><div class=\"w-image align_none\"><a href=\"https:\/\/delatorrelaw.com\/civil-family-lawyer-florida\/\" aria-label=\"Enlace\" class=\"w-image-h\"><img loading=\"lazy\" decoding=\"async\" width=\"1024\" height=\"685\" src=\"https:\/\/delatorrelaw.com\/wp-content\/uploads\/2021\/11\/family-law-1.jpg\" class=\"attachment-large size-large\" alt=\"\" srcset=\"https:\/\/delatorrelaw.com\/wp-content\/uploads\/2021\/11\/family-law-1.jpg 1024w, https:\/\/delatorrelaw.com\/wp-content\/uploads\/2021\/11\/family-law-1-300x201.jpg 300w\" sizes=\"auto, (max-width: 1024px) 100vw, 1024px\" \/><\/a><\/div><div class=\"ult-spacer spacer-69d01b2b4d75c\" data-id=\"69d01b2b4d75c\" data-height=\"30\" data-height-mobile=\"30\" data-height-tab=\"30\" data-height-tab-portrait=\"\" data-height-mobile-landscape=\"\" style=\"clear:both;display:block;\"><\/div><div class=\"wpb_text_column\" id=\"contenido-box\"><div class=\"wpb_wrapper\"><h5 class=\"title\" style=\"text-align: left;\"><a href=\"https:\/\/delatorrelaw.com\/civil-family-lawyer-florida\/\"><strong>Ley familiar<\/strong><\/a><\/h5>\n<p><strong>De la Torre Law<\/strong> representa espec\u00edficamente a clientes en Derecho de Familia y Asuntos Corporativos.<\/p>\n<\/div><\/div><div class=\"w-btn-wrapper width_auto align_center\"><a class=\"w-btn us-btn-style_1\" href=\"https:\/\/delatorrelaw.com\/civil-family-lawyer-florida\/\"><span class=\"w-btn-label\">LEER M\u00c1S<\/span><\/a><\/div><\/div><\/div><\/div><\/div><\/div><\/div><\/div><div class=\"vc_col-sm-4 wpb_column vc_column_container\"><div class=\"vc_column-inner\"><div class=\"wpb_wrapper\"><div class=\"g-cols wpb_row  type_default valign_top vc_inner\" id=\"box-01\"><div class=\"vc_col-sm-12 wpb_column vc_column_container\" id=\"interbox\"><div class=\"vc_column-inner\"><div class=\"wpb_wrapper\"><div class=\"w-image align_none\"><a href=\"https:\/\/delatorrelaw.com\/immigration-lawyer-in-usa\/\" aria-label=\"Enlace\" class=\"w-image-h\"><img loading=\"lazy\" decoding=\"async\" width=\"1024\" height=\"685\" src=\"https:\/\/delatorrelaw.com\/wp-content\/uploads\/2021\/11\/immigration-law-1.jpg\" class=\"attachment-large size-large\" alt=\"\" srcset=\"https:\/\/delatorrelaw.com\/wp-content\/uploads\/2021\/11\/immigration-law-1.jpg 1024w, https:\/\/delatorrelaw.com\/wp-content\/uploads\/2021\/11\/immigration-law-1-300x201.jpg 300w\" sizes=\"auto, (max-width: 1024px) 100vw, 1024px\" \/><\/a><\/div><div class=\"ult-spacer spacer-69d01b2b4e086\" data-id=\"69d01b2b4e086\" data-height=\"30\" data-height-mobile=\"30\" data-height-tab=\"30\" data-height-tab-portrait=\"\" data-height-mobile-landscape=\"\" style=\"clear:both;display:block;\"><\/div><div class=\"wpb_text_column\" id=\"contenido-box\"><div class=\"wpb_wrapper\"><h5 class=\"title\" style=\"text-align: left;\"><a href=\"https:\/\/delatorrelaw.com\/immigration-lawyer-in-usa\/\"><strong>Inmigraci\u00f3n<\/strong><\/a><\/h5>\n<p><strong>De la Torre Law<\/strong>\u00a0puede ayudarlo a trav\u00e9s del proceso de inmigraci\u00f3n prolongado ya menudo complicado.<\/p>\n<\/div><\/div><div class=\"w-btn-wrapper width_auto align_center\"><a class=\"w-btn us-btn-style_1\" href=\"https:\/\/delatorrelaw.com\/immigration-lawyer-in-usa\/\"><span class=\"w-btn-label\">LEER M\u00c1S<\/span><\/a><\/div><\/div><\/div><\/div><\/div><\/div><\/div><\/div><\/div><\/div><\/section>\n","protected":false},"excerpt":{"rendered":"SERVICIOS DE LA TORRE LAW FIRM brinda servicios legales en las siguientes \u00e1reas de pr\u00e1ctica: Inmigraci\u00f3n, Penal, Familia y Civil. Nuestro bufete de abogados presta servicios en la regi\u00f3n de Orlando \/ Kissimmee \/ Florida central. Nuestro personal es biling\u00fce y est\u00e1 listo para servir. Derecho penal De la Torre Law pasa el tiempo para...","protected":false},"author":1,"featured_media":0,"parent":0,"menu_order":0,"comment_status":"closed","ping_status":"closed","template":"","meta":{"footnotes":""},"class_list":["post-181","page","type-page","status-publish","hentry"],"_links":{"self":[{"href":"https:\/\/delatorrelaw.com\/es\/wp-json\/wp\/v2\/pages\/181","targetHints":{"allow":["GET"]}}],"collection":[{"href":"https:\/\/delatorrelaw.com\/es\/wp-json\/wp\/v2\/pages"}],"about":[{"href":"https:\/\/delatorrelaw.com\/es\/wp-json\/wp\/v2\/types\/page"}],"author":[{"embeddable":true,"href":"https:\/\/delatorrelaw.com\/es\/wp-json\/wp\/v2\/users\/1"}],"replies":[{"embeddable":true,"href":"https:\/\/delatorrelaw.com\/es\/wp-json\/wp\/v2\/comments?post=181"}],"version-history":[{"count":6,"href":"https:\/\/delatorrelaw.com\/es\/wp-json\/wp\/v2\/pages\/181\/revisions"}],"predecessor-version":[{"id":681,"href":"https:\/\/delatorrelaw.com\/es\/wp-json\/wp\/v2\/pages\/181\/revisions\/681"}],"wp:attachment":[{"href":"https:\/\/delatorrelaw.com\/es\/wp-json\/wp\/v2\/media?parent=181"}],"curies":[{"name":"wp","href":"https:\/\/api.w.org\/{rel}","templated":true}]}}