{"id":176,"date":"2021-11-23T21:37:28","date_gmt":"2021-11-23T21:37:28","guid":{"rendered":"https:\/\/delatorrelaw.com\/about-us\/"},"modified":"2024-09-05T17:53:20","modified_gmt":"2024-09-05T17:53:20","slug":"sobre-nosotros","status":"publish","type":"page","link":"https:\/\/delatorrelaw.com\/es\/sobre-nosotros\/","title":{"rendered":"Nuestro Equipo"},"content":{"rendered":"<section class=\"l-section wpb_row height_medium\"><div class=\"l-section-h i-cf\"><div class=\"g-cols vc_row type_default valign_top\"><div class=\"vc_col-sm-12 wpb_column vc_column_container\"><div class=\"vc_column-inner\"><div class=\"wpb_wrapper\"><div class=\"wpb_text_column us_custom_40827b04 has_text_color\" ><div class=\"wpb_wrapper\"><h1 class=\"title\" style=\"text-align: center;\">NUESTRO <strong style=\"color: #c5a246;\">EQUIPO<\/strong><\/h1>\n<\/div><\/div><div class=\"ult-spacer spacer-6a0470fab48cb\" data-id=\"6a0470fab48cb\" data-height=\"30\" data-height-mobile=\"30\" data-height-tab=\"30\" data-height-tab-portrait=\"\" data-height-mobile-landscape=\"\" style=\"clear:both;display:block;\"><\/div><div class=\"g-cols wpb_row  type_default valign_top vc_inner\"><div class=\"vc_col-sm-3 wpb_column vc_column_container\"><div class=\"vc_column-inner\"><div class=\"wpb_wrapper\"><\/div><\/div><\/div><div class=\"vc_col-sm-6 wpb_column vc_column_container\"><div class=\"vc_column-inner\"><div class=\"wpb_wrapper\"><div class=\"ult-team-member-wrap ult-style-1  \"><div class=\"ult-team-member-image\" style=\"\"> <img decoding=\"async\" class=\"ult-team-grayscale\" src=\"https:\/\/delatorrelaw.com\/wp-content\/uploads\/2024\/05\/team-1.jpg\" alt=\"null\"  style=\"\"><span class=\"ult-team-member-image-overlay \"  ><\/span><\/div><div class=\"ult-team-member-bio-wrap style-1 ultimate-heading6a0470fab4dfc\" style=\"text-align:center;; \"><div class=\"ult-team-member-name-wrap\"><h2 class=\"ult-team-member-name ult-responsive\"  data-ultimate-target='.ult-team-member-bio-wrap.ultimate-heading6a0470fab4dfc .ult-team-member-name'  data-responsive-json-new='{\"font-size\":\"\",\"line-height\":\"\"}'  style=\"\">Juan de la Torre<\/h2><div class=\"ult-team-member-position ult-responsive\"  data-ultimate-target='.ult-team-member-bio-wrap.ultimate-heading6a0470fab4dfc .ult-team-member-position'  data-responsive-json-new='{\"font-size\":\"\",\"line-height\":\"\"}'  style=\"\">ABOGADO<\/div><div class=\"ult-team-member-description ult-responsive\"  data-ultimate-target='.ult-team-member-bio-wrap.ultimate-heading6a0470fab4dfc .ult-team-member-description'  data-responsive-json-new='{\"font-size\":\"\",\"line-height\":\"\"}'  style=\"\"><p>Juan de la Torre, Esq. es el miembro fundador de DE LA TORRE LAW FIRM, que fue establecida el 10 de febrero de 2011. El abogado de la Torre ha sido miembro del Colegio de Abogados de Florida desde el 2 de julio de 2010. Es graduado del Colegio de Derecho de Florida A &amp; M; tambi\u00e9n asisti\u00f3 a la Universidad de Florida Central donde obtuvo su licenciatura en Ciencias Pol\u00edticas y su maestr\u00eda en Administraci\u00f3n P\u00fablica. Est\u00e1 autorizado para ejercer en el Estado de Florida, en el Tribunal de Distrito de EE.UU. para el Distrito Medio de Florida y en el Tribunal de Distrito de EE.UU. para el Distrito Sur de Florida.<\/p>\n<p>El abogado de la Torre ejerce en las \u00e1reas de derecho penal, familiar e inmigraci\u00f3n. Es biling\u00fce en ingl\u00e9s y espa\u00f1ol.<\/p><\/div><div style=\"margin-bottom:15px\"><\/div><div class='ult-social-buttons'><a href='https:\/\/www.linkedin.com\/in\/juancarlosdelatorre\/' target='_blank' rel='noopener' title='' class='ult-team ult-social-icon' style='font-size:16px ; margin-left:5px;margin-right:5px;;'  data-iconcolor='inherit' data-iconhover='inherit' ><i class='Defaults-linkedin-square'><\/i><\/a><a href='https:\/\/www.youtube.com\/channel\/UCcGEX5Fx8jwK3MNm9kDmlIg\/videos' target='_blank' rel='noopener' title='' class='ult-team ult-social-icon' style='font-size:16px ; margin-left:5px;margin-right:5px;;'  data-iconcolor='inherit' data-iconhover='inherit' ><i class='Defaults-youtube-play'><\/i><\/a><a href='https:\/\/www.instagram.com\/delatorrelawfirm\/' target='_blank' rel='noopener' title='' class='ult-team ult-social-icon' style='font-size:16px ; margin-left:5px;margin-right:5px;;'  data-iconcolor='inherit' data-iconhover='inherit' ><i class='Defaults-instagram'><\/i><\/a><\/div><\/div><\/div><\/div><\/div><\/div><\/div><div class=\"vc_col-sm-3 wpb_column vc_column_container\"><div class=\"vc_column-inner\"><div class=\"wpb_wrapper\"><\/div><\/div><\/div><\/div><div class=\"ult-spacer spacer-6a0470fab4ecd\" data-id=\"6a0470fab4ecd\" data-height=\"30\" data-height-mobile=\"30\" data-height-tab=\"30\" data-height-tab-portrait=\"\" data-height-mobile-landscape=\"\" style=\"clear:both;display:block;\"><\/div><div class=\"g-cols wpb_row  type_default valign_top vc_inner\"><div class=\"vc_col-sm-6 wpb_column vc_column_container\"><div class=\"vc_column-inner\"><div class=\"wpb_wrapper\"><div class=\"ult-team-member-wrap ult-style-1  \"><div class=\"ult-team-member-image\" style=\"\"> <img decoding=\"async\" class=\"ult-team-grayscale\" src=\"https:\/\/delatorrelaw.com\/wp-content\/uploads\/2024\/05\/team-3.jpg\" alt=\"null\"  style=\"\"><span class=\"ult-team-member-image-overlay \"  ><\/span><\/div><div class=\"ult-team-member-bio-wrap style-1 ultimate-heading6a0470fab51b5\" style=\"text-align:center;; \"><div class=\"ult-team-member-name-wrap\"><h2 class=\"ult-team-member-name ult-responsive\"  data-ultimate-target='.ult-team-member-bio-wrap.ultimate-heading6a0470fab51b5 .ult-team-member-name'  data-responsive-json-new='{\"font-size\":\"\",\"line-height\":\"\"}'  style=\"\">Adrian Bacariza<\/h2><div class=\"ult-team-member-position ult-responsive\"  data-ultimate-target='.ult-team-member-bio-wrap.ultimate-heading6a0470fab51b5 .ult-team-member-position'  data-responsive-json-new='{\"font-size\":\"\",\"line-height\":\"\"}'  style=\"\">GERENTE DE OFICINA<\/div><div class=\"ult-team-member-description ult-responsive\"  data-ultimate-target='.ult-team-member-bio-wrap.ultimate-heading6a0470fab51b5 .ult-team-member-description'  data-responsive-json-new='{\"font-size\":\"\",\"line-height\":\"\"}'  style=\"\"><p>Adri\u00e1n Bacariza se uni\u00f3 a DE LA TORRE LAW FIRM en septiembre de 2017. El Sr. Bacariza es el Gerente de Oficina y Paralegal en derecho de inmigraci\u00f3n y derecho familiar del bufete. Anteriormente fue banquero y consultor de eficiencia. Asisti\u00f3 a la Universidad de Ithaca en Ithaca, Nueva York. El Sr. Bacariza tambi\u00e9n habla ingl\u00e9s y espa\u00f1ol.<\/p><\/div><div style=\"margin-bottom:15px\"><\/div><div class='ult-social-buttons'><a href='https:\/\/www.linkedin.com\/in\/juancarlosdelatorre\/' target='_blank' rel='noopener' title='' class='ult-team ult-social-icon' style='font-size:16px ; margin-left:5px;margin-right:5px;;'  data-iconcolor='inherit' data-iconhover='inherit' ><i class='Defaults-linkedin-square'><\/i><\/a><a href='https:\/\/www.youtube.com\/channel\/UCcGEX5Fx8jwK3MNm9kDmlIg\/videos' target='_blank' rel='noopener' title='' class='ult-team ult-social-icon' style='font-size:16px ; margin-left:5px;margin-right:5px;;'  data-iconcolor='inherit' data-iconhover='inherit' ><i class='Defaults-youtube-play'><\/i><\/a><a href='https:\/\/www.instagram.com\/delatorrelawfirm\/' target='_blank' rel='noopener' title='' class='ult-team ult-social-icon' style='font-size:16px ; margin-left:5px;margin-right:5px;;'  data-iconcolor='inherit' data-iconhover='inherit' ><i class='Defaults-instagram'><\/i><\/a><\/div><\/div><\/div><\/div><\/div><\/div><\/div><div class=\"vc_col-sm-6 wpb_column vc_column_container\"><div class=\"vc_column-inner\"><div class=\"wpb_wrapper\"><div class=\"ult-team-member-wrap ult-style-1  \"><div class=\"ult-team-member-image\" style=\"\"> <img decoding=\"async\" class=\"ult-team-grayscale\" src=\"https:\/\/delatorrelaw.com\/wp-content\/uploads\/2024\/05\/team-4.jpg\" alt=\"null\"  style=\"\"><span class=\"ult-team-member-image-overlay \"  ><\/span><\/div><div class=\"ult-team-member-bio-wrap style-1 ultimate-heading6a0470fab543e\" style=\"text-align:center;; \"><div class=\"ult-team-member-name-wrap\"><h2 class=\"ult-team-member-name ult-responsive\"  data-ultimate-target='.ult-team-member-bio-wrap.ultimate-heading6a0470fab543e .ult-team-member-name'  data-responsive-json-new='{\"font-size\":\"\",\"line-height\":\"\"}'  style=\"\">Diana Martin<\/h2><div class=\"ult-team-member-position ult-responsive\"  data-ultimate-target='.ult-team-member-bio-wrap.ultimate-heading6a0470fab543e .ult-team-member-position'  data-responsive-json-new='{\"font-size\":\"\",\"line-height\":\"\"}'  style=\"\">ADMINISTRADORA<\/div><div class=\"ult-team-member-description ult-responsive\"  data-ultimate-target='.ult-team-member-bio-wrap.ultimate-heading6a0470fab543e .ult-team-member-description'  data-responsive-json-new='{\"font-size\":\"\",\"line-height\":\"\"}'  style=\"\"><p>Diana Martin se uni\u00f3 a <strong>DE LA TORRE LAW FIRM<\/strong> en septiembre de 2022. Anteriormente, la Sra. Martin trabaj\u00f3 en otro bufete local de Orlando como coordinadora de eventos. Se encarga de las tareas administrativas y del servicio al cliente en <strong>DE LA TORRE LAW FIRM<\/strong>, incluyendo la programaci\u00f3n, recolecci\u00f3n de documentos, dise\u00f1o gr\u00e1fico y coordinaci\u00f3n de eventos. Tambi\u00e9n asisti\u00f3 a la Universidad de Florida Central.<\/p><\/div><div style=\"margin-bottom:15px\"><\/div><div class='ult-social-buttons'><a href='https:\/\/www.linkedin.com\/in\/juancarlosdelatorre\/' target='_blank' rel='noopener' title='' class='ult-team ult-social-icon' style='font-size:16px ; margin-left:5px;margin-right:5px;;'  data-iconcolor='inherit' data-iconhover='inherit' ><i class='Defaults-linkedin-square'><\/i><\/a><a href='https:\/\/www.youtube.com\/channel\/UCcGEX5Fx8jwK3MNm9kDmlIg\/videos' target='_blank' rel='noopener' title='' class='ult-team ult-social-icon' style='font-size:16px ; margin-left:5px;margin-right:5px;;'  data-iconcolor='inherit' data-iconhover='inherit' ><i class='Defaults-youtube-play'><\/i><\/a><a href='https:\/\/www.instagram.com\/delatorrelawfirm\/' target='_blank' rel='noopener' title='' class='ult-team ult-social-icon' style='font-size:16px ; margin-left:5px;margin-right:5px;;'  data-iconcolor='inherit' data-iconhover='inherit' ><i class='Defaults-instagram'><\/i><\/a><\/div><\/div><\/div><\/div><\/div><\/div><\/div><\/div><\/div><\/div><\/div><\/div><\/div><\/section>\n","protected":false},"excerpt":{"rendered":"NUESTRO EQUIPO Juan de la TorreABOGADOJuan de la Torre, Esq. es el miembro fundador de DE LA TORRE LAW FIRM, que fue establecida el 10 de febrero de 2011. El abogado de la Torre ha sido miembro del Colegio de Abogados de Florida desde el 2 de julio de 2010. Es graduado del Colegio de...","protected":false},"author":1,"featured_media":0,"parent":0,"menu_order":0,"comment_status":"closed","ping_status":"closed","template":"","meta":{"footnotes":""},"class_list":["post-176","page","type-page","status-publish","hentry"],"_links":{"self":[{"href":"https:\/\/delatorrelaw.com\/es\/wp-json\/wp\/v2\/pages\/176","targetHints":{"allow":["GET"]}}],"collection":[{"href":"https:\/\/delatorrelaw.com\/es\/wp-json\/wp\/v2\/pages"}],"about":[{"href":"https:\/\/delatorrelaw.com\/es\/wp-json\/wp\/v2\/types\/page"}],"author":[{"embeddable":true,"href":"https:\/\/delatorrelaw.com\/es\/wp-json\/wp\/v2\/users\/1"}],"replies":[{"embeddable":true,"href":"https:\/\/delatorrelaw.com\/es\/wp-json\/wp\/v2\/comments?post=176"}],"version-history":[{"count":14,"href":"https:\/\/delatorrelaw.com\/es\/wp-json\/wp\/v2\/pages\/176\/revisions"}],"predecessor-version":[{"id":745,"href":"https:\/\/delatorrelaw.com\/es\/wp-json\/wp\/v2\/pages\/176\/revisions\/745"}],"wp:attachment":[{"href":"https:\/\/delatorrelaw.com\/es\/wp-json\/wp\/v2\/media?parent=176"}],"curies":[{"name":"wp","href":"https:\/\/api.w.org\/{rel}","templated":true}]}}